{"id":82,"date":"2019-02-18T11:53:38","date_gmt":"2019-02-18T10:53:38","guid":{"rendered":"https:\/\/www.melzer-stahlhandel.de\/?page_id=82"},"modified":"2021-11-30T18:40:44","modified_gmt":"2021-11-30T17:40:44","slug":"kontakt","status":"publish","type":"page","link":"https:\/\/www.melzer-stahlhandel.de\/?page_id=82","title":{"rendered":"Kontakt"},"content":{"rendered":"<p>[et_pb_section fb_built=&#8220;1&#8243; _builder_version=&#8220;4.14.1&#8243; background_color=&#8220;rgba(0,0,0,0.51)&#8220; background_image=&#8220;https:\/\/www.melzer-stahlhandel.de\/wp-content\/uploads\/2021\/11\/background.jpg&#8220; background_size=&#8220;contain&#8220; background_repeat=&#8220;repeat&#8220; global_colors_info=&#8220;{}&#8220;][et_pb_row column_structure=&#8220;2_5,3_5&#8243; _builder_version=&#8220;3.25&#8243; background_color=&#8220;rgba(0,0,0,0.25)&#8220; background_image=&#8220;https:\/\/www.melzer-stahlhandel.de\/wordpress\/wp-content\/uploads\/2019\/02\/bg_gallery.png&#8220; background_size=&#8220;contain&#8220; custom_padding=&#8220;27px|0px|0|0px|false|false&#8220; border_width_all=&#8220;1px&#8220; border_color_all=&#8220;#ffffff&#8220; box_shadow_style=&#8220;preset1&#8243; box_shadow_color=&#8220;rgba(0,0,0,0.75)&#8220; global_colors_info=&#8220;{}&#8220;][et_pb_column type=&#8220;2_5&#8243; _builder_version=&#8220;3.25&#8243; custom_padding=&#8220;20px|20px|20px|20px&#8220; global_colors_info=&#8220;{}&#8220; custom_padding__hover=&#8220;|||&#8220;][et_pb_text _builder_version=&#8220;3.27.4&#8243; text_font=&#8220;|600|||||||&#8220; text_text_color=&#8220;#ffffff&#8220; text_font_size=&#8220;14px&#8220; header_font=&#8220;|700|||||||&#8220; header_text_color=&#8220;#ffffff&#8220; text_text_shadow_style=&#8220;preset1&#8243; text_text_shadow_color=&#8220;rgba(0,0,0,0.75)&#8220; header_text_shadow_style=&#8220;preset1&#8243; header_text_shadow_color=&#8220;rgba(0,0,0,0.75)&#8220; global_colors_info=&#8220;{}&#8220;]<\/p>\n<h1>Kontakt<\/h1>\n<p>Wir freuen uns \u00fcber Ihre Nachricht und beantworten Ihre Anfragen schnell und pers\u00f6nlich.<\/p>\n<p>Die folgenden Eingabefelder, die meinem * gekennzeichnet sind, sind Pflichtfelder!<\/p>\n<p>[\/et_pb_text][et_pb_contact_form use_spam_service=&#8220;on&#8220; recaptcha_list=&#8220;melzer stahlhandel|melzer stahlhandel-0&#8243; email=&#8220;info@melzer-stahlhandel.de&#8220; custom_message=&#8220;Kontaktnachricht der Melzer-Stahlhandel Homepage||et_pb_line_break_holder||||et_pb_line_break_holder||Firma: %%firma%%||et_pb_line_break_holder||Name: %%name%%||et_pb_line_break_holder||Email: %%email%%||et_pb_line_break_holder||Telefon: %%telefon%%||et_pb_line_break_holder||||et_pb_line_break_holder||Nachricht: ||et_pb_line_break_holder||||et_pb_line_break_holder||%%Nachricht%%||et_pb_line_break_holder||||et_pb_line_break_holder||&#8220; success_message=&#8220;Herzlichen Dank f\u00fcr Ihre Email. Wir k\u00fcmmern uns umgehend darum. Ihr Melzer-Stahlhandel Team.&#8220; _builder_version=&#8220;4.14.1&#8243; _unique_id=&#8220;29943ea5-589b-4048-9522-3b9e04ff41aa&#8220; form_field_background_color=&#8220;#ffffff&#8220; form_field_text_color=&#8220;#000000&#8243; title_font=&#8220;|700|||||||&#8220; title_text_color=&#8220;#ffffff&#8220; title_font_size=&#8220;30px&#8220; form_field_font=&#8220;|600|||||||&#8220; custom_button=&#8220;on&#8220; button_text_size=&#8220;18px&#8220; button_text_color=&#8220;#ffffff&#8220; button_bg_image=&#8220;https:\/\/www.melzer-stahlhandel.de\/wp-content\/uploads\/2019\/02\/senden-1.png&#8220; button_border_width=&#8220;1px&#8220; button_border_radius=&#8220;0px&#8220; button_font=&#8220;|600||on|||||&#8220; button_use_icon=&#8220;off&#8220; hover_enabled=&#8220;0&#8243; title_text_shadow_style=&#8220;preset1&#8243; title_text_shadow_color=&#8220;rgba(0,0,0,0.75)&#8220; box_shadow_style=&#8220;preset1&#8243; box_shadow_style_button=&#8220;preset1&#8243; text_shadow_style=&#8220;preset4&#8243; text_shadow_color=&#8220;#000000&#8243; form_background_color=&#8220;#ffffff&#8220; global_colors_info=&#8220;{}&#8220; sticky_enabled=&#8220;0&#8243;][et_pb_contact_field field_id=&#8220;Firma&#8220; field_title=&#8220;Firma&#8220; required_mark=&#8220;off&#8220; fullwidth_field=&#8220;on&#8220; _builder_version=&#8220;3.19.15&#8243; global_colors_info=&#8220;{}&#8220; button_text_size__hover_enabled=&#8220;off&#8220; button_one_text_size__hover_enabled=&#8220;off&#8220; button_two_text_size__hover_enabled=&#8220;off&#8220; button_text_color__hover_enabled=&#8220;off&#8220; button_one_text_color__hover_enabled=&#8220;off&#8220; button_two_text_color__hover_enabled=&#8220;off&#8220; button_border_width__hover_enabled=&#8220;off&#8220; button_one_border_width__hover_enabled=&#8220;off&#8220; button_two_border_width__hover_enabled=&#8220;off&#8220; button_border_color__hover_enabled=&#8220;off&#8220; button_one_border_color__hover_enabled=&#8220;off&#8220; button_two_border_color__hover_enabled=&#8220;off&#8220; button_border_radius__hover_enabled=&#8220;off&#8220; button_one_border_radius__hover_enabled=&#8220;off&#8220; button_two_border_radius__hover_enabled=&#8220;off&#8220; button_letter_spacing__hover_enabled=&#8220;off&#8220; button_one_letter_spacing__hover_enabled=&#8220;off&#8220; button_two_letter_spacing__hover_enabled=&#8220;off&#8220; button_bg_color__hover_enabled=&#8220;off&#8220; button_one_bg_color__hover_enabled=&#8220;off&#8220; button_two_bg_color__hover_enabled=&#8220;off&#8220;][\/et_pb_contact_field][et_pb_contact_field field_id=&#8220;Name&#8220; field_title=&#8220;Name*&#8220; fullwidth_field=&#8220;on&#8220; _builder_version=&#8220;3.19.15&#8243; global_colors_info=&#8220;{}&#8220; button_text_size__hover_enabled=&#8220;off&#8220; button_one_text_size__hover_enabled=&#8220;off&#8220; button_two_text_size__hover_enabled=&#8220;off&#8220; button_text_color__hover_enabled=&#8220;off&#8220; button_one_text_color__hover_enabled=&#8220;off&#8220; button_two_text_color__hover_enabled=&#8220;off&#8220; button_border_width__hover_enabled=&#8220;off&#8220; button_one_border_width__hover_enabled=&#8220;off&#8220; button_two_border_width__hover_enabled=&#8220;off&#8220; button_border_color__hover_enabled=&#8220;off&#8220; button_one_border_color__hover_enabled=&#8220;off&#8220; button_two_border_color__hover_enabled=&#8220;off&#8220; button_border_radius__hover_enabled=&#8220;off&#8220; button_one_border_radius__hover_enabled=&#8220;off&#8220; button_two_border_radius__hover_enabled=&#8220;off&#8220; button_letter_spacing__hover_enabled=&#8220;off&#8220; button_one_letter_spacing__hover_enabled=&#8220;off&#8220; button_two_letter_spacing__hover_enabled=&#8220;off&#8220; button_bg_color__hover_enabled=&#8220;off&#8220; button_one_bg_color__hover_enabled=&#8220;off&#8220; button_two_bg_color__hover_enabled=&#8220;off&#8220;][\/et_pb_contact_field][et_pb_contact_field field_id=&#8220;Email&#8220; field_title=&#8220;E-Mail-Adresse*&#8220; field_type=&#8220;email&#8220; fullwidth_field=&#8220;on&#8220; _builder_version=&#8220;3.19.15&#8243; global_colors_info=&#8220;{}&#8220; button_text_size__hover_enabled=&#8220;off&#8220; button_one_text_size__hover_enabled=&#8220;off&#8220; button_two_text_size__hover_enabled=&#8220;off&#8220; button_text_color__hover_enabled=&#8220;off&#8220; button_one_text_color__hover_enabled=&#8220;off&#8220; button_two_text_color__hover_enabled=&#8220;off&#8220; button_border_width__hover_enabled=&#8220;off&#8220; button_one_border_width__hover_enabled=&#8220;off&#8220; button_two_border_width__hover_enabled=&#8220;off&#8220; button_border_color__hover_enabled=&#8220;off&#8220; button_one_border_color__hover_enabled=&#8220;off&#8220; button_two_border_color__hover_enabled=&#8220;off&#8220; button_border_radius__hover_enabled=&#8220;off&#8220; button_one_border_radius__hover_enabled=&#8220;off&#8220; button_two_border_radius__hover_enabled=&#8220;off&#8220; button_letter_spacing__hover_enabled=&#8220;off&#8220; button_one_letter_spacing__hover_enabled=&#8220;off&#8220; button_two_letter_spacing__hover_enabled=&#8220;off&#8220; button_bg_color__hover_enabled=&#8220;off&#8220; button_one_bg_color__hover_enabled=&#8220;off&#8220; button_two_bg_color__hover_enabled=&#8220;off&#8220;][\/et_pb_contact_field][et_pb_contact_field field_id=&#8220;telefon&#8220; field_title=&#8220;Telefonnummer*&#8220; fullwidth_field=&#8220;on&#8220; _builder_version=&#8220;3.19.15&#8243; global_colors_info=&#8220;{}&#8220; button_text_size__hover_enabled=&#8220;off&#8220; button_one_text_size__hover_enabled=&#8220;off&#8220; button_two_text_size__hover_enabled=&#8220;off&#8220; button_text_color__hover_enabled=&#8220;off&#8220; button_one_text_color__hover_enabled=&#8220;off&#8220; button_two_text_color__hover_enabled=&#8220;off&#8220; button_border_width__hover_enabled=&#8220;off&#8220; button_one_border_width__hover_enabled=&#8220;off&#8220; button_two_border_width__hover_enabled=&#8220;off&#8220; button_border_color__hover_enabled=&#8220;off&#8220; button_one_border_color__hover_enabled=&#8220;off&#8220; button_two_border_color__hover_enabled=&#8220;off&#8220; button_border_radius__hover_enabled=&#8220;off&#8220; button_one_border_radius__hover_enabled=&#8220;off&#8220; button_two_border_radius__hover_enabled=&#8220;off&#8220; button_letter_spacing__hover_enabled=&#8220;off&#8220; button_one_letter_spacing__hover_enabled=&#8220;off&#8220; button_two_letter_spacing__hover_enabled=&#8220;off&#8220; button_bg_color__hover_enabled=&#8220;off&#8220; button_one_bg_color__hover_enabled=&#8220;off&#8220; button_two_bg_color__hover_enabled=&#8220;off&#8220;][\/et_pb_contact_field][et_pb_contact_field field_id=&#8220;Nachricht&#8220; field_title=&#8220;Nachricht*&#8220; field_type=&#8220;text&#8220; fullwidth_field=&#8220;on&#8220; _builder_version=&#8220;3.19.15&#8243; global_colors_info=&#8220;{}&#8220; button_text_size__hover_enabled=&#8220;off&#8220; button_one_text_size__hover_enabled=&#8220;off&#8220; button_two_text_size__hover_enabled=&#8220;off&#8220; button_text_color__hover_enabled=&#8220;off&#8220; button_one_text_color__hover_enabled=&#8220;off&#8220; button_two_text_color__hover_enabled=&#8220;off&#8220; button_border_width__hover_enabled=&#8220;off&#8220; button_one_border_width__hover_enabled=&#8220;off&#8220; button_two_border_width__hover_enabled=&#8220;off&#8220; button_border_color__hover_enabled=&#8220;off&#8220; button_one_border_color__hover_enabled=&#8220;off&#8220; button_two_border_color__hover_enabled=&#8220;off&#8220; button_border_radius__hover_enabled=&#8220;off&#8220; button_one_border_radius__hover_enabled=&#8220;off&#8220; button_two_border_radius__hover_enabled=&#8220;off&#8220; button_letter_spacing__hover_enabled=&#8220;off&#8220; button_one_letter_spacing__hover_enabled=&#8220;off&#8220; button_two_letter_spacing__hover_enabled=&#8220;off&#8220; button_bg_color__hover_enabled=&#8220;off&#8220; button_one_bg_color__hover_enabled=&#8220;off&#8220; button_two_bg_color__hover_enabled=&#8220;off&#8220;][\/et_pb_contact_field][et_pb_contact_field field_id=&#8220;Datenschutz&#8220; field_title=&#8220;Datenschutz*&#8220; field_type=&#8220;checkbox&#8220; checkbox_options=&#8220;%91{%22value%22:%22Ich stimme zu, dass meine Angaben aus dem Kontaktformular zur Beantwortung meiner Anfrage erhoben und verarbeitet werden. Detaillierte Informationen zum Umgang mit Nutzerdaten finden Sie in unserer Datenschutzerkl\u00e4rung.%22,%22checked%22:0,%22dragID%22:-1}%93&#8243; fullwidth_field=&#8220;on&#8220; _builder_version=&#8220;3.23&#8243; form_field_background_color=&#8220;#ffffff&#8220; form_field_text_color=&#8220;#ffffff&#8220; form_field_font=&#8220;|600|||||||&#8220; form_field_font_size=&#8220;14px&#8220; form_field_line_height=&#8220;1.5em&#8220; custom_margin=&#8220;|0px|26px|10px&#8220; custom_padding=&#8220;|0px|0px|10px&#8220; custom_padding_tablet=&#8220;&#8220; custom_padding_phone=&#8220;&#8220; custom_padding_last_edited=&#8220;on|phone&#8220; form_field_text_shadow_style=&#8220;preset1&#8243; form_field_text_shadow_color=&#8220;#000000&#8243; border_width_all=&#8220;1px&#8220; border_color_all=&#8220;#000000&#8243; field_background_color=&#8220;#ffffff&#8220; global_colors_info=&#8220;{}&#8220;][\/et_pb_contact_field][\/et_pb_contact_form][\/et_pb_column][et_pb_column type=&#8220;3_5&#8243; _builder_version=&#8220;3.25&#8243; background_size=&#8220;contain&#8220; background_repeat=&#8220;round&#8220; custom_padding=&#8220;20px|20px|20px|20px&#8220; global_colors_info=&#8220;{}&#8220; custom_padding__hover=&#8220;|||&#8220;][et_pb_text _builder_version=&#8220;3.27.4&#8243; text_font=&#8220;|600|||||||&#8220; text_text_color=&#8220;#ffffff&#8220; text_font_size=&#8220;14px&#8220; text_line_height=&#8220;1.5em&#8220; link_font=&#8220;||||on|||#ffffff|&#8220; link_text_color=&#8220;#ffffff&#8220; header_font=&#8220;|700|||||||&#8220; header_text_color=&#8220;#ffffff&#8220; header_font_size=&#8220;24px&#8220; background_size=&#8220;contain&#8220; text_text_shadow_style=&#8220;preset1&#8243; text_text_shadow_color=&#8220;rgba(0,0,0,0.75)&#8220; link_text_shadow_style=&#8220;preset1&#8243; link_text_shadow_color=&#8220;rgba(0,0,0,0.75)&#8220; header_text_shadow_style=&#8220;preset1&#8243; header_text_shadow_color=&#8220;rgba(0,0,0,0.75)&#8220; global_colors_info=&#8220;{}&#8220;]<\/p>\n<h1>Anschrift<\/h1>\n<p>Melzer Stahlhandel GmbH&amp;CoKG<br \/> G\u00f6ckinghofstra\u00dfe 30<br \/> 58332 Schwelm<\/p>\n<p>Tel: 02336 2049<br \/> Fax: 02336 2037<\/p>\n<p>Lager:<br \/> Poststra\u00dfe 16<br \/> 45549 Sprockh\u00f6vel<\/p>\n<p>eMail: <a href=\"mailto:info@melzer-stahlhandel.de\">info@melzer-stahlhandel.de<\/a><\/p>\n<p>[\/et_pb_text][et_pb_image src=&#8220;https:\/\/www.melzer-stahlhandel.de\/wp-content\/uploads\/2021\/11\/kontakt_back.png&#8220; title_text=&#8220;kontakt_back&#8220; align_tablet=&#8220;center&#8220; align_phone=&#8220;&#8220; align_last_edited=&#8220;on|desktop&#8220; _builder_version=&#8220;4.14.1&#8243; background_image=&#8220;https:\/\/www.melzer-stahlhandel.de\/wordpress\/wp-content\/uploads\/2019\/02\/kontakt_back.png&#8220; background_size=&#8220;contain&#8220; global_colors_info=&#8220;{}&#8220;][\/et_pb_image][\/et_pb_column][\/et_pb_row][\/et_pb_section]<\/p>\n","protected":false},"excerpt":{"rendered":"<p>Kontakt Wir freuen uns \u00fcber Ihre Nachricht und beantworten Ihre Anfragen schnell und pers\u00f6nlich. Die folgenden Eingabefelder, die meinem * gekennzeichnet sind, sind Pflichtfelder!Anschrift Melzer Stahlhandel GmbH&amp;CoKG G\u00f6ckinghofstra\u00dfe 30 58332 Schwelm Tel: 02336 2049 Fax: 02336 2037 Lager: Poststra\u00dfe 16 45549 Sprockh\u00f6vel eMail: info@melzer-stahlhandel.de<\/p>\n","protected":false},"author":1,"featured_media":0,"parent":0,"menu_order":0,"comment_status":"closed","ping_status":"closed","template":"","meta":{"_et_pb_use_builder":"on","_et_pb_old_content":"","_et_gb_content_width":"","footnotes":""},"class_list":["post-82","page","type-page","status-publish","hentry"],"_links":{"self":[{"href":"https:\/\/www.melzer-stahlhandel.de\/index.php?rest_route=\/wp\/v2\/pages\/82"}],"collection":[{"href":"https:\/\/www.melzer-stahlhandel.de\/index.php?rest_route=\/wp\/v2\/pages"}],"about":[{"href":"https:\/\/www.melzer-stahlhandel.de\/index.php?rest_route=\/wp\/v2\/types\/page"}],"author":[{"embeddable":true,"href":"https:\/\/www.melzer-stahlhandel.de\/index.php?rest_route=\/wp\/v2\/users\/1"}],"replies":[{"embeddable":true,"href":"https:\/\/www.melzer-stahlhandel.de\/index.php?rest_route=%2Fwp%2Fv2%2Fcomments&post=82"}],"version-history":[{"count":25,"href":"https:\/\/www.melzer-stahlhandel.de\/index.php?rest_route=\/wp\/v2\/pages\/82\/revisions"}],"predecessor-version":[{"id":2976,"href":"https:\/\/www.melzer-stahlhandel.de\/index.php?rest_route=\/wp\/v2\/pages\/82\/revisions\/2976"}],"wp:attachment":[{"href":"https:\/\/www.melzer-stahlhandel.de\/index.php?rest_route=%2Fwp%2Fv2%2Fmedia&parent=82"}],"curies":[{"name":"wp","href":"https:\/\/api.w.org\/{rel}","templated":true}]}}