{"id":67,"date":"2019-02-18T11:43:55","date_gmt":"2019-02-18T10:43:55","guid":{"rendered":"https:\/\/www.melzer-stahlhandel.de\/?page_id=67"},"modified":"2021-11-30T18:38:14","modified_gmt":"2021-11-30T17:38:14","slug":"profil","status":"publish","type":"page","link":"https:\/\/www.melzer-stahlhandel.de\/?page_id=67","title":{"rendered":"Profil"},"content":{"rendered":"<p>[et_pb_section fb_built=&#8220;1&#8243; _builder_version=&#8220;4.14.1&#8243; background_image=&#8220;https:\/\/www.melzer-stahlhandel.de\/wp-content\/uploads\/2021\/11\/background.jpg&#8220; background_size=&#8220;initial&#8220; background_repeat=&#8220;repeat&#8220; custom_padding=&#8220;0|0|0|0px|false|false&#8220; global_colors_info=&#8220;{}&#8220;][et_pb_row column_structure=&#8220;2_5,3_5&#8243; _builder_version=&#8220;3.25&#8243; background_image=&#8220;https:\/\/www.melzer-stahlhandel.de\/wordpress\/wp-content\/uploads\/2019\/02\/bg_gallery.png&#8220; background_size=&#8220;contain&#8220; background_position=&#8220;top_center&#8220; custom_margin=&#8220;||||false&#8220; custom_padding=&#8220;0|0px|0|0px|false|false&#8220; custom_width_px__hover=&#8220;&#8220; custom_width_px__hover_enabled=&#8220;on&#8220; global_colors_info=&#8220;{}&#8220; gutter_width__hover_enabled=&#8220;on&#8220;][et_pb_column type=&#8220;2_5&#8243; _builder_version=&#8220;3.25&#8243; custom_padding=&#8220;|||&#8220; global_colors_info=&#8220;{}&#8220; custom_padding__hover=&#8220;|||&#8220;][et_pb_text _builder_version=&#8220;3.27.4&#8243; text_font=&#8220;|600|||||||&#8220; text_text_color=&#8220;#ffffff&#8220; text_font_size=&#8220;14px&#8220; text_line_height=&#8220;1.3em&#8220; header_font=&#8220;|700|||||||&#8220; header_text_color=&#8220;#ffffff&#8220; header_font_size=&#8220;40px&#8220; background_color=&#8220;rgba(0,0,0,0.25)&#8220; custom_margin=&#8220;50px|20px|100px|&#8220; custom_padding=&#8220;20px|20px|20px|20px&#8220; animation_style=&#8220;zoom&#8220; header_font_size_tablet=&#8220;&#8220; header_font_size_phone=&#8220;&#8220; header_font_size_last_edited=&#8220;on|desktop&#8220; text_text_shadow_style=&#8220;preset1&#8243; text_text_shadow_color=&#8220;rgba(0,0,0,0.75)&#8220; header_text_shadow_style=&#8220;preset1&#8243; header_text_shadow_color=&#8220;rgba(0,0,0,0.75)&#8220; border_width_all=&#8220;1px&#8220; border_color_all=&#8220;#ffffff&#8220; box_shadow_style=&#8220;preset1&#8243; box_shadow_vertical=&#8220;0px&#8220; box_shadow_blur=&#8220;4px&#8220; box_shadow_spread=&#8220;4px&#8220; box_shadow_color=&#8220;rgba(0,0,0,0.25)&#8220; global_colors_info=&#8220;{}&#8220; box_shadow_spread__hover_enabled=&#8220;on&#8220; box_shadow_spread__hover=&#8220;4px&#8220;]<\/p>\n<div>\n<h1><\/h1>\n<h1>Profil<\/h1>\n<p style=\"text-align: left;\">Unser Hauptaugenmerk gilt dem Rundstahl-bereich von ca. 10 &#8211; 80 mm in gewalzter, gesch\u00e4lter und gezogener Ausf\u00fchrung.<br \/> Der G\u00fctenbereich erstreckt sich von unlegierten und legierten Baust\u00e4hlen bis hin zu den Verg\u00fctungsst\u00e4hlen.<\/p>\n<p style=\"text-align: left;\">Als kleiner Auszug seien genannt :<br \/> S235, S355, C15-45, 16\/20MnCr5, 32CrB4, 33MnCrB5, 25-42CrMo4 etc.<\/p>\n<p style=\"text-align: left;\">Sprechen Sie uns aber auch gerne an, wenn Sie auf der Suche nach deklassierten Coils, Blechen oder Scherenentf\u00e4llen sind.<\/p>\n<p style=\"text-align: left;\">F\u00fcr die meisten Positionen haben wir ein Werkszeugnis (2.2\/3.1) oder eine Werksanalyse.<\/p>\n<p style=\"text-align: left;\">Alle anderen Positionen k\u00f6nnen auf Wunsch mit St\u00fcckanalyse geliefert werden.<\/p>\n<\/div>\n<p>[\/et_pb_text][\/et_pb_column][et_pb_column type=&#8220;3_5&#8243; _builder_version=&#8220;3.25&#8243; background_size=&#8220;contain&#8220; custom_padding=&#8220;|||&#8220; global_colors_info=&#8220;{}&#8220; custom_padding__hover=&#8220;|||&#8220;][et_pb_slider _builder_version=&#8220;4.14.1&#8243; _module_preset=&#8220;default&#8220; custom_padding=&#8220;||3px|||&#8220; auto=&#8220;on&#8220; auto_speed=&#8220;5000&#8243; hover_enabled=&#8220;0&#8243; global_colors_info=&#8220;{}&#8220; show_arrows=&#8220;off&#8220; show_pagination=&#8220;off&#8220; sticky_enabled=&#8220;0&#8243; background_color=&#8220;RGBA(255,255,255,0)&#8220;][et_pb_slide image=&#8220;https:\/\/www.melzer-stahlhandel.de\/wp-content\/uploads\/2021\/11\/profil4.png&#8220; _builder_version=&#8220;4.14.1&#8243; _module_preset=&#8220;default&#8220; background_enable_color=&#8220;off&#8220; hover_enabled=&#8220;0&#8243; global_colors_info=&#8220;{}&#8220; sticky_transition=&#8220;on&#8220; sticky_enabled=&#8220;0&#8243;][\/et_pb_slide][et_pb_slide image=&#8220;https:\/\/www.melzer-stahlhandel.de\/wp-content\/uploads\/2021\/11\/profil3.png&#8220; _builder_version=&#8220;4.14.1&#8243; _module_preset=&#8220;default&#8220; background_enable_color=&#8220;off&#8220; hover_enabled=&#8220;0&#8243; global_colors_info=&#8220;{}&#8220; sticky_transition=&#8220;on&#8220; sticky_enabled=&#8220;0&#8243;][\/et_pb_slide][et_pb_slide image=&#8220;https:\/\/www.melzer-stahlhandel.de\/wp-content\/uploads\/2021\/11\/profil2.png&#8220; _builder_version=&#8220;4.14.1&#8243; _module_preset=&#8220;default&#8220; background_enable_color=&#8220;off&#8220; global_colors_info=&#8220;{}&#8220; sticky_transition=&#8220;on&#8220;][\/et_pb_slide][et_pb_slide image=&#8220;https:\/\/www.melzer-stahlhandel.de\/wp-content\/uploads\/2021\/11\/profil1.png&#8220; _builder_version=&#8220;4.14.1&#8243; _module_preset=&#8220;default&#8220; background_enable_color=&#8220;off&#8220; global_colors_info=&#8220;{}&#8220; sticky_transition=&#8220;on&#8220;][\/et_pb_slide][\/et_pb_slider][\/et_pb_column][\/et_pb_row][\/et_pb_section]<\/p>\n","protected":false},"excerpt":{"rendered":"<p>Profil Unser Hauptaugenmerk gilt dem Rundstahl-bereich von ca. 10 &#8211; 80 mm in gewalzter, gesch\u00e4lter und gezogener Ausf\u00fchrung. Der G\u00fctenbereich erstreckt sich von unlegierten und legierten Baust\u00e4hlen bis hin zu den Verg\u00fctungsst\u00e4hlen. Als kleiner Auszug seien genannt : S235, S355, C15-45, 16\/20MnCr5, 32CrB4, 33MnCrB5, 25-42CrMo4 etc. Sprechen Sie uns aber auch gerne an, wenn Sie [&hellip;]<\/p>\n","protected":false},"author":1,"featured_media":0,"parent":0,"menu_order":0,"comment_status":"closed","ping_status":"closed","template":"","meta":{"_et_pb_use_builder":"on","_et_pb_old_content":"","_et_gb_content_width":"","footnotes":""},"class_list":["post-67","page","type-page","status-publish","hentry"],"_links":{"self":[{"href":"https:\/\/www.melzer-stahlhandel.de\/index.php?rest_route=\/wp\/v2\/pages\/67"}],"collection":[{"href":"https:\/\/www.melzer-stahlhandel.de\/index.php?rest_route=\/wp\/v2\/pages"}],"about":[{"href":"https:\/\/www.melzer-stahlhandel.de\/index.php?rest_route=\/wp\/v2\/types\/page"}],"author":[{"embeddable":true,"href":"https:\/\/www.melzer-stahlhandel.de\/index.php?rest_route=\/wp\/v2\/users\/1"}],"replies":[{"embeddable":true,"href":"https:\/\/www.melzer-stahlhandel.de\/index.php?rest_route=%2Fwp%2Fv2%2Fcomments&post=67"}],"version-history":[{"count":29,"href":"https:\/\/www.melzer-stahlhandel.de\/index.php?rest_route=\/wp\/v2\/pages\/67\/revisions"}],"predecessor-version":[{"id":2974,"href":"https:\/\/www.melzer-stahlhandel.de\/index.php?rest_route=\/wp\/v2\/pages\/67\/revisions\/2974"}],"wp:attachment":[{"href":"https:\/\/www.melzer-stahlhandel.de\/index.php?rest_route=%2Fwp%2Fv2%2Fmedia&parent=67"}],"curies":[{"name":"wp","href":"https:\/\/api.w.org\/{rel}","templated":true}]}}