{"id":12,"date":"2019-02-05T13:19:31","date_gmt":"2019-02-05T12:19:31","guid":{"rendered":"https:\/\/www.melzer-stahlhandel.de\/?page_id=12"},"modified":"2021-11-30T18:21:21","modified_gmt":"2021-11-30T17:21:21","slug":"home","status":"publish","type":"page","link":"https:\/\/www.melzer-stahlhandel.de\/","title":{"rendered":"Home"},"content":{"rendered":"<p>[et_pb_section fb_built=&#8220;1&#8243; _builder_version=&#8220;4.14.1&#8243; background_image=&#8220;https:\/\/www.melzer-stahlhandel.de\/wp-content\/uploads\/2021\/11\/background.jpg&#8220; background_size=&#8220;initial&#8220; background_repeat=&#8220;repeat&#8220; custom_padding=&#8220;0|0|0|0px|false|false&#8220; global_colors_info=&#8220;{}&#8220;][et_pb_row column_structure=&#8220;2_5,3_5&#8243; use_custom_gutter=&#8220;on&#8220; make_equal=&#8220;on&#8220; _builder_version=&#8220;4.14.1&#8243; background_image=&#8220;https:\/\/www.melzer-stahlhandel.de\/wordpress\/wp-content\/uploads\/2019\/02\/bg_gallery.png&#8220; custom_margin=&#8220;||||false&#8220; custom_padding=&#8220;0|0px|0|0px|false|false&#8220; use_custom_width=&#8220;on&#8220; custom_width_px__hover=&#8220;&#8220; custom_width_px__hover_enabled=&#8220;on&#8220; global_colors_info=&#8220;{}&#8220; gutter_width__hover_enabled=&#8220;on&#8220; max_width__hover_enabled=&#8220;on&#8220;][et_pb_column type=&#8220;2_5&#8243; _builder_version=&#8220;3.25&#8243; custom_padding=&#8220;|||&#8220; global_colors_info=&#8220;{}&#8220; custom_padding__hover=&#8220;|||&#8220;][et_pb_text _builder_version=&#8220;3.27.4&#8243; text_font=&#8220;|600|||||||&#8220; text_text_color=&#8220;#ffffff&#8220; text_font_size=&#8220;14px&#8220; text_line_height=&#8220;1.3em&#8220; header_font=&#8220;|700|||||||&#8220; header_text_color=&#8220;#ffffff&#8220; header_font_size=&#8220;24px&#8220; background_color=&#8220;rgba(0,0,0,0.25)&#8220; custom_margin=&#8220;72px|20px|100px|||&#8220; custom_padding=&#8220;20px|20px|20px|20px&#8220; animation_style=&#8220;zoom&#8220; text_text_shadow_style=&#8220;preset1&#8243; text_text_shadow_color=&#8220;rgba(0,0,0,0.75)&#8220; header_text_shadow_style=&#8220;preset1&#8243; border_width_all=&#8220;1px&#8220; border_color_all=&#8220;#ffffff&#8220; box_shadow_style=&#8220;preset1&#8243; box_shadow_blur=&#8220;4px&#8220; box_shadow_spread=&#8220;4px&#8220; box_shadow_color=&#8220;rgba(0,0,0,0.25)&#8220; global_colors_info=&#8220;{}&#8220;]<\/p>\n<div id=\"content\">\n<h1><\/h1>\n<h1><\/h1>\n<h1>Willkommen auf unserer Homepage !<\/h1>\n<p>&nbsp;<\/p>\n<p style=\"text-align: left;\">Wir sind als Stahl-Gro\u00dfhandel auf Sonderposten und deklassiertes Material spezialisiert.<\/p>\n<p style=\"text-align: left;\">Wir k\u00f6nnen Ihnen aus ca. 1.500 t eigenem Lagervorrat, zus\u00e4tzlich aber auch aus mehreren tausend Tonnen Werksvorr\u00e4ten, eine breite Palette aus G\u00fcten und Abmessungen zur kurzfristigen Lieferung anbieten.<\/p>\n<p style=\"text-align: left;\">Seit \u00fcber 40 Jahren wei\u00df unsere Kundschaft unsere Zuverl\u00e4ssigkeit und Fachkompetenz zu sch\u00e4tzen.<\/p>\n<p>&nbsp;<\/p>\n<p>&nbsp;<\/p>\n<\/div>\n<p>[\/et_pb_text][\/et_pb_column][et_pb_column type=&#8220;3_5&#8243; _builder_version=&#8220;4.14.1&#8243; background_size=&#8220;contain&#8220; custom_padding=&#8220;|||&#8220; global_colors_info=&#8220;{}&#8220; custom_padding__hover=&#8220;|||&#8220;][et_pb_slider _builder_version=&#8220;4.14.1&#8243; _module_preset=&#8220;default&#8220; show_arrows=&#8220;off&#8220; show_pagination=&#8220;off&#8220; hover_enabled=&#8220;0&#8243; sticky_enabled=&#8220;0&#8243; auto=&#8220;on&#8220; auto_speed=&#8220;5000&#8243;][et_pb_slide _builder_version=&#8220;4.14.1&#8243; _module_preset=&#8220;default&#8220; title_text=&#8220;home3&#8243; image=&#8220;https:\/\/www.melzer-stahlhandel.de\/wp-content\/uploads\/2021\/11\/home3.png&#8220; hover_enabled=&#8220;0&#8243; sticky_enabled=&#8220;0&#8243; background_enable_color=&#8220;off&#8220;][\/et_pb_slide][et_pb_slide _builder_version=&#8220;4.14.1&#8243; _module_preset=&#8220;default&#8220; hover_enabled=&#8220;0&#8243; sticky_enabled=&#8220;0&#8243; title_text=&#8220;home2&#8243; image=&#8220;https:\/\/www.melzer-stahlhandel.de\/wp-content\/uploads\/2021\/11\/home2.png&#8220; background_enable_color=&#8220;off&#8220;][\/et_pb_slide][et_pb_slide _builder_version=&#8220;4.14.1&#8243; _module_preset=&#8220;default&#8220; hover_enabled=&#8220;0&#8243; sticky_enabled=&#8220;0&#8243; title_text=&#8220;home1&#8243; image=&#8220;https:\/\/www.melzer-stahlhandel.de\/wp-content\/uploads\/2021\/11\/home1.png&#8220; background_enable_color=&#8220;off&#8220;][\/et_pb_slide][\/et_pb_slider][\/et_pb_column][\/et_pb_row][\/et_pb_section]<\/p>\n","protected":false},"excerpt":{"rendered":"<p>Willkommen auf unserer Homepage ! &nbsp; Wir sind als Stahl-Gro\u00dfhandel auf Sonderposten und deklassiertes Material spezialisiert. Wir k\u00f6nnen Ihnen aus ca. 1.500 t eigenem Lagervorrat, zus\u00e4tzlich aber auch aus mehreren tausend Tonnen Werksvorr\u00e4ten, eine breite Palette aus G\u00fcten und Abmessungen zur kurzfristigen Lieferung anbieten. Seit \u00fcber 40 Jahren wei\u00df unsere Kundschaft unsere Zuverl\u00e4ssigkeit und Fachkompetenz [&hellip;]<\/p>\n","protected":false},"author":1,"featured_media":0,"parent":0,"menu_order":0,"comment_status":"closed","ping_status":"closed","template":"","meta":{"_et_pb_use_builder":"on","_et_pb_old_content":"","_et_gb_content_width":"","footnotes":""},"class_list":["post-12","page","type-page","status-publish","hentry"],"_links":{"self":[{"href":"https:\/\/www.melzer-stahlhandel.de\/index.php?rest_route=\/wp\/v2\/pages\/12"}],"collection":[{"href":"https:\/\/www.melzer-stahlhandel.de\/index.php?rest_route=\/wp\/v2\/pages"}],"about":[{"href":"https:\/\/www.melzer-stahlhandel.de\/index.php?rest_route=\/wp\/v2\/types\/page"}],"author":[{"embeddable":true,"href":"https:\/\/www.melzer-stahlhandel.de\/index.php?rest_route=\/wp\/v2\/users\/1"}],"replies":[{"embeddable":true,"href":"https:\/\/www.melzer-stahlhandel.de\/index.php?rest_route=%2Fwp%2Fv2%2Fcomments&post=12"}],"version-history":[{"count":37,"href":"https:\/\/www.melzer-stahlhandel.de\/index.php?rest_route=\/wp\/v2\/pages\/12\/revisions"}],"predecessor-version":[{"id":2957,"href":"https:\/\/www.melzer-stahlhandel.de\/index.php?rest_route=\/wp\/v2\/pages\/12\/revisions\/2957"}],"wp:attachment":[{"href":"https:\/\/www.melzer-stahlhandel.de\/index.php?rest_route=%2Fwp%2Fv2%2Fmedia&parent=12"}],"curies":[{"name":"wp","href":"https:\/\/api.w.org\/{rel}","templated":true}]}}